{"id":238,"date":"2025-08-03T18:36:22","date_gmt":"2025-08-03T18:36:22","guid":{"rendered":"https:\/\/tymoteuszcabaj.pl\/?page_id=238"},"modified":"2025-08-09T13:05:06","modified_gmt":"2025-08-09T13:05:06","slug":"wizyty","status":"publish","type":"page","link":"https:\/\/tymoteuszcabaj.pl\/index.php\/wizyty\/","title":{"rendered":"Wizyty"},"content":{"rendered":"\t\t<div data-elementor-type=\"wp-page\" data-elementor-id=\"238\" class=\"elementor elementor-238\">\n\t\t\t\t<div class=\"elementor-element elementor-element-d0f1cc5 e-flex e-con-boxed e-con e-parent\" data-id=\"d0f1cc5\" data-element_type=\"container\" data-e-type=\"container\">\n\t\t\t\t\t<div class=\"e-con-inner\">\n\t\t<div class=\"elementor-element elementor-element-ed58a59 e-con-full e-flex e-con e-child\" data-id=\"ed58a59\" data-element_type=\"container\" data-e-type=\"container\">\n\t\t<div class=\"elementor-element elementor-element-343f565 e-con-full e-flex e-con e-child\" data-id=\"343f565\" data-element_type=\"container\" data-e-type=\"container\">\n\t\t\t\t<div class=\"elementor-element elementor-element-81722cb elementor-widget elementor-widget-heading\" data-id=\"81722cb\" data-element_type=\"widget\" data-e-type=\"widget\" data-widget_type=\"heading.default\">\n\t\t\t\t\t<h2 class=\"elementor-heading-title elementor-size-default\">Wizyty<\/h2>\t\t\t\t<\/div>\n\t\t\t\t<div class=\"elementor-element elementor-element-ad74be3 elementor-widget elementor-widget-text-editor\" data-id=\"ad74be3\" data-element_type=\"widget\" data-e-type=\"widget\" data-widget_type=\"text-editor.default\">\n\t\t\t\t\t\t\t\t\t<div class=\"wrapper\"><div class=\"row unified-doctor-content\" data-eec=\"true\" data-eec-entity-type=\"doctor\" data-eec-entity-id=\"364956\" data-eec-specialization-ids=\"93,152\" data-eec-specialization-name=\"psycholog\" data-eec-stars-rating=\"5\" data-eec-opinions-count=\"55\" data-eec-address-cities=\"\u0141\u00f3d\u017a\" data-eec-has-photo=\"\" data-eec-has-calendar=\"\" data-eec-plan-type=\"plus\"><div class=\"unified-doctor-content-column col-md-8 col-lg-7\" data-doctor-id=\"364956\" data-id=\"entity-profile-left-column\"><section id=\"about-section\" class=\"card card-shadow-1 mb-1 mb-md-1-5 p-2\" data-nav-scroll=\"about-section\"><div class=\"mb-2\"><div class=\"modal fade modal-scrollable show\" role=\"dialog\" data-id=\"content-modal-about\" aria-modal=\"true\"><div class=\"modal-dialog\"><div class=\"modal-content\"><div class=\"modal-header\"><p>Wizyty odbywaj\u0105 si\u0119\u00a0 wy\u0142\u0105cznie w j\u0119zyku Polskim<br \/>Ch\u0119\u0107 otrzymania faktury imiennej nale\u017cy zg\u0142osi\u0107 przed wizyt\u0105<br \/>Ka\u017cda wizyta wymaga dokonania przedp\u0142aty za pomoc\u0105 linka kt\u00f3ry jest generowany podczas sk\u0142adania rezerwacji. <br \/>Odwo\u0142anie wizyty powinno odby\u0107 si\u0119 do godziny 14:00 w dzie\u0144 poprzedzaj\u0105cy wizyt\u0119, w innym wypadku wizyta podlega pe\u0142nej op\u0142acie.<\/p><\/div><\/div><\/div><\/div><\/div><\/section><\/div><\/div><\/div>\t\t\t\t\t\t\t\t<\/div>\n\t\t\t\t<\/div>\n\t\t<div class=\"elementor-element elementor-element-5b0094e e-con-full e-flex e-con e-child\" data-id=\"5b0094e\" data-element_type=\"container\" data-e-type=\"container\">\n\t\t\t\t<div class=\"elementor-element elementor-element-1b7f71d elementor-widget elementor-widget-heading\" data-id=\"1b7f71d\" data-element_type=\"widget\" data-e-type=\"widget\" data-widget_type=\"heading.default\">\n\t\t\t\t\t<h2 class=\"elementor-heading-title elementor-size-default\">Cennik<\/h2>\t\t\t\t<\/div>\n\t\t\t\t<div class=\"elementor-element elementor-element-48cf181 elementor-widget elementor-widget-text-editor\" data-id=\"48cf181\" data-element_type=\"widget\" data-e-type=\"widget\" data-widget_type=\"text-editor.default\">\n\t\t\t\t\t\t\t\t\t<div class=\"wrapper\"><div class=\"row unified-doctor-content\" data-eec=\"true\" data-eec-entity-type=\"doctor\" data-eec-entity-id=\"364956\" data-eec-specialization-ids=\"93,152\" data-eec-specialization-name=\"psycholog\" data-eec-stars-rating=\"5\" data-eec-opinions-count=\"55\" data-eec-address-cities=\"\u0141\u00f3d\u017a\" data-eec-has-photo=\"\" data-eec-has-calendar=\"\" data-eec-plan-type=\"plus\"><div class=\"unified-doctor-content-column col-md-8 col-lg-7\" data-doctor-id=\"364956\" data-id=\"entity-profile-left-column\"><section id=\"about-section\" class=\"card card-shadow-1 mb-1 mb-md-1-5 p-2\" data-nav-scroll=\"about-section\"><div class=\"mb-2\"><div class=\"modal fade modal-scrollable show\" role=\"dialog\" data-id=\"content-modal-about\" aria-modal=\"true\"><div class=\"modal-dialog\"><div class=\"modal-content\"><div class=\"modal-header\"><p>Konsultacja psychologiczna:\u00a0 \u00a0 \u00a0 \u00a0 250 z\u0142 I 50 min.<br \/>Psychoterapia indywidualna:\u00a0 \u00a0 \u00a0 \u00a0250 z\u0142 I 50 min.<br \/>Psychoterapia par i ma\u0142\u017ce\u0144stw:\u00a0 \u00a0350 z\u0142 I 60 min. <br \/>Konsultacje diagnostyczne:\u00a0 \u00a0 \u00a0 \u00a0 \u00a0350 z\u0142 I 50 min. <br \/>Warsztaty i szkolenia:\u00a0 \u00a0 \u00a0 \u00a0 \u00a0wycena indywidualna<\/p><\/div><\/div><\/div><\/div><\/div><\/section><\/div><\/div><\/div>\t\t\t\t\t\t\t\t<\/div>\n\t\t\t\t<\/div>\n\t\t\t\t<\/div>\n\t\t\t\t\t<\/div>\n\t\t\t\t<\/div>\n\t\t<div class=\"elementor-element elementor-element-6109469 e-flex e-con-boxed e-con e-parent\" data-id=\"6109469\" data-element_type=\"container\" data-e-type=\"container\">\n\t\t\t\t\t<div class=\"e-con-inner\">\n\t\t<div class=\"elementor-element elementor-element-2659be4 e-con-full e-flex e-con e-child\" data-id=\"2659be4\" data-element_type=\"container\" data-e-type=\"container\">\n\t\t<div class=\"elementor-element elementor-element-dda4c13 e-con-full e-flex e-con e-child\" data-id=\"dda4c13\" data-element_type=\"container\" data-e-type=\"container\">\n\t\t\t\t<div class=\"elementor-element elementor-element-120bb0f elementor-widget elementor-widget-heading\" data-id=\"120bb0f\" data-element_type=\"widget\" data-e-type=\"widget\" data-widget_type=\"heading.default\">\n\t\t\t\t\t<h2 class=\"elementor-heading-title elementor-size-default\">Adres<\/h2>\t\t\t\t<\/div>\n\t\t\t\t<div class=\"elementor-element elementor-element-4c584d1 elementor-widget elementor-widget-image\" data-id=\"4c584d1\" data-element_type=\"widget\" data-e-type=\"widget\" data-widget_type=\"image.default\">\n\t\t\t\t\t\t\t\t\t\t\t\t\t\t\t<img decoding=\"async\" width=\"300\" height=\"78\" src=\"https:\/\/tymoteuszcabaj.pl\/wp-content\/uploads\/2025\/08\/logo-blizej-siebie-300x78.png\" class=\"attachment-medium size-medium wp-image-230\" alt=\"\" srcset=\"https:\/\/tymoteuszcabaj.pl\/wp-content\/uploads\/2025\/08\/logo-blizej-siebie-300x78.png 300w, https:\/\/tymoteuszcabaj.pl\/wp-content\/uploads\/2025\/08\/logo-blizej-siebie-600x156.png 600w, https:\/\/tymoteuszcabaj.pl\/wp-content\/uploads\/2025\/08\/logo-blizej-siebie-1024x267.png 1024w, https:\/\/tymoteuszcabaj.pl\/wp-content\/uploads\/2025\/08\/logo-blizej-siebie-768x200.png 768w, https:\/\/tymoteuszcabaj.pl\/wp-content\/uploads\/2025\/08\/logo-blizej-siebie-1536x400.png 1536w, https:\/\/tymoteuszcabaj.pl\/wp-content\/uploads\/2025\/08\/logo-blizej-siebie.png 1920w\" sizes=\"(max-width: 300px) 100vw, 300px\" \/>\t\t\t\t\t\t\t\t\t\t\t\t\t\t\t<\/div>\n\t\t\t\t<\/div>\n\t\t<div class=\"elementor-element elementor-element-3b9c617 e-con-full e-flex e-con e-child\" data-id=\"3b9c617\" data-element_type=\"container\" data-e-type=\"container\">\n\t\t\t\t<div class=\"elementor-element elementor-element-5520eef elementor-widget elementor-widget-text-editor\" data-id=\"5520eef\" data-element_type=\"widget\" data-e-type=\"widget\" data-widget_type=\"text-editor.default\">\n\t\t\t\t\t\t\t\t\t<div class=\"wrapper\"><div class=\"row unified-doctor-content\" data-eec=\"true\" data-eec-entity-type=\"doctor\" data-eec-entity-id=\"364956\" data-eec-specialization-ids=\"93,152\" data-eec-specialization-name=\"psycholog\" data-eec-stars-rating=\"5\" data-eec-opinions-count=\"55\" data-eec-address-cities=\"\u0141\u00f3d\u017a\" data-eec-has-photo=\"\" data-eec-has-calendar=\"\" data-eec-plan-type=\"plus\"><div class=\"unified-doctor-content-column col-md-8 col-lg-7\" data-doctor-id=\"364956\" data-id=\"entity-profile-left-column\"><section id=\"about-section\" class=\"card card-shadow-1 mb-1 mb-md-1-5 p-2\" data-nav-scroll=\"about-section\"><div class=\"mb-2\"><div class=\"modal fade modal-scrollable show\" role=\"dialog\" data-id=\"content-modal-about\" aria-modal=\"true\"><div class=\"modal-dialog\"><div class=\"modal-content\"><div class=\"modal-header\"><p>CENTRUM ROZWOJU I PSYCHOTERAPII BLI\u017bEJ SIEBIE<br \/>ul. in\u017c. pil. Wigury 7 kl. D lok. 27, \u015ar\u00f3dmie\u015bcie, \u0141\u00f3d\u017a<\/p><p>Wskaz\u00f3wki dojazdu i parking<br \/>P\u0142atny parking miejski znajduje si\u0119 wzd\u0142u\u017c ulicy Wigury oraz przy Centrum na Ulicy Wigury 7.<\/p><\/div><\/div><\/div><\/div><\/div><\/section><\/div><\/div><\/div>\t\t\t\t\t\t\t\t<\/div>\n\t\t\t\t<\/div>\n\t\t\t\t<\/div>\n\t\t\t\t<div class=\"elementor-element elementor-element-4df27db elementor-align-center elementor-mobile-align-center elementor-widget elementor-widget-button\" data-id=\"4df27db\" data-element_type=\"widget\" data-e-type=\"widget\" data-widget_type=\"button.default\">\n\t\t\t\t\t\t\t\t\t\t<a class=\"elementor-button elementor-button-link elementor-size-sm elementor-animation-shrink\" href=\"https:\/\/blizejsiebie.com.pl\/tymoteusz-cabaj\/\" target=\"_blank\" rel=\"noopener\">\n\t\t\t\t\t\t<span class=\"elementor-button-content-wrapper\">\n\t\t\t\t\t\t\t\t\t<span class=\"elementor-button-text\">Zarezerwuj wizyte<\/span>\n\t\t\t\t\t<\/span>\n\t\t\t\t\t<\/a>\n\t\t\t\t\t\t\t\t<\/div>\n\t\t\t\t<div class=\"elementor-element elementor-element-68e02db elementor-widget elementor-widget-text-editor\" data-id=\"68e02db\" data-element_type=\"widget\" data-e-type=\"widget\" data-widget_type=\"text-editor.default\">\n\t\t\t\t\t\t\t\t\t<div class=\"wrapper\"><div class=\"row unified-doctor-content\" data-eec=\"true\" data-eec-entity-type=\"doctor\" data-eec-entity-id=\"364956\" data-eec-specialization-ids=\"93,152\" data-eec-specialization-name=\"psycholog\" data-eec-stars-rating=\"5\" data-eec-opinions-count=\"55\" data-eec-address-cities=\"\u0141\u00f3d\u017a\" data-eec-has-photo=\"\" data-eec-has-calendar=\"\" data-eec-plan-type=\"plus\"><div class=\"unified-doctor-content-column col-md-8 col-lg-7\" data-doctor-id=\"364956\" data-id=\"entity-profile-left-column\"><section id=\"about-section\" class=\"card card-shadow-1 mb-1 mb-md-1-5 p-2\" data-nav-scroll=\"about-section\"><div class=\"mb-2\"><div class=\"modal fade modal-scrollable show\" role=\"dialog\" data-id=\"content-modal-about\" aria-modal=\"true\"><div class=\"modal-dialog\"><div class=\"modal-content\"><div class=\"modal-header\"><p>Rezerwacja wizyty odbywa si\u0119 telefonicznie pod numerem 729 11 66 46 <br \/>lub poprzez stron\u0119 plac\u00f3wki Centrum Rozwoju i Psychoterapii BLI\u017bEJ SIEBIE<\/p><\/div><\/div><\/div><\/div><\/div><\/section><\/div><\/div><\/div>\t\t\t\t\t\t\t\t<\/div>\n\t\t\t\t<div class=\"elementor-element elementor-element-898d8be elementor-widget elementor-widget-text-editor\" data-id=\"898d8be\" data-element_type=\"widget\" data-e-type=\"widget\" data-widget_type=\"text-editor.default\">\n\t\t\t\t\t\t\t\t\t<a id=\"zl-url\" class=\"zl-url\" href=\"https:\/\/www.znanylekarz.pl\/tymoteusz-cabaj\/psycholog-psychoterapeuta\/lodz\" rel=\"nofollow noopener\" data-zlw-doctor=\"tymoteusz-cabaj\" data-zlw-type=\"big\" data-zlw-opinion=\"false\" data-zlw-hide-branding=\"true\" data-zlw-saas-only=\"true\" data-zlw-a11y-title=\"Widget um\u00f3wienia wizyty lekarskiej\" target=\"_blank\">Tymoteusz Cabaj &#8211; ZnanyLekarz.pl<\/a><script>!function($_x,_s,id){var js,fjs=$_x.getElementsByTagName(_s)[0];if(!$_x.getElementById(id)){js = $_x.createElement(_s);js.id = id;js.src = \"\/\/platform.docplanner.com\/js\/widget.js\";fjs.parentNode.insertBefore(js,fjs);}}(document,\"script\",\"zl-widget-s\");<\/script>\t\t\t\t\t\t\t\t<\/div>\n\t\t\t\t\t<\/div>\n\t\t\t\t<\/div>\n\t\t\t\t<\/div>\n\t\t","protected":false},"excerpt":{"rendered":"<p>Wizyty Wizyty odbywaj\u0105 si\u0119\u00a0 wy\u0142\u0105cznie w j\u0119zyku PolskimCh\u0119\u0107 otrzymania faktury imiennej nale\u017cy zg\u0142osi\u0107 przed wizyt\u0105Ka\u017cda wizyta wymaga dokonania przedp\u0142aty za pomoc\u0105 linka kt\u00f3ry jest generowany podczas sk\u0142adania rezerwacji. Odwo\u0142anie wizyty powinno odby\u0107 si\u0119 do godziny 14:00 w dzie\u0144 poprzedzaj\u0105cy wizyt\u0119, w innym wypadku wizyta podlega pe\u0142nej op\u0142acie. Cennik Konsultacja psychologiczna:\u00a0 \u00a0 \u00a0 \u00a0 250 z\u0142 [&hellip;]<\/p>\n","protected":false},"author":1,"featured_media":0,"parent":0,"menu_order":0,"comment_status":"closed","ping_status":"closed","template":"","meta":{"footnotes":""},"class_list":["post-238","page","type-page","status-publish","hentry"],"blocksy_meta":[],"_links":{"self":[{"href":"https:\/\/tymoteuszcabaj.pl\/index.php\/wp-json\/wp\/v2\/pages\/238","targetHints":{"allow":["GET"]}}],"collection":[{"href":"https:\/\/tymoteuszcabaj.pl\/index.php\/wp-json\/wp\/v2\/pages"}],"about":[{"href":"https:\/\/tymoteuszcabaj.pl\/index.php\/wp-json\/wp\/v2\/types\/page"}],"author":[{"embeddable":true,"href":"https:\/\/tymoteuszcabaj.pl\/index.php\/wp-json\/wp\/v2\/users\/1"}],"replies":[{"embeddable":true,"href":"https:\/\/tymoteuszcabaj.pl\/index.php\/wp-json\/wp\/v2\/comments?post=238"}],"version-history":[{"count":35,"href":"https:\/\/tymoteuszcabaj.pl\/index.php\/wp-json\/wp\/v2\/pages\/238\/revisions"}],"predecessor-version":[{"id":301,"href":"https:\/\/tymoteuszcabaj.pl\/index.php\/wp-json\/wp\/v2\/pages\/238\/revisions\/301"}],"wp:attachment":[{"href":"https:\/\/tymoteuszcabaj.pl\/index.php\/wp-json\/wp\/v2\/media?parent=238"}],"curies":[{"name":"wp","href":"https:\/\/api.w.org\/{rel}","templated":true}]}}